{"id":23,"date":"2024-12-23T05:30:25","date_gmt":"2024-12-23T05:30:25","guid":{"rendered":"https:\/\/theoryofnodes.org\/?page_id=23"},"modified":"2024-12-23T06:10:48","modified_gmt":"2024-12-23T06:10:48","slug":"inicio-01","status":"publish","type":"page","link":"https:\/\/theoryofnodes.org\/","title":{"rendered":"INICIO-01"},"content":{"rendered":"\t\t<div data-elementor-type=\"wp-page\" data-elementor-id=\"23\" class=\"elementor elementor-23\">\n\t\t\t\t<div class=\"elementor-element elementor-element-2641d12 e-flex e-con-boxed e-con e-parent\" data-id=\"2641d12\" data-element_type=\"container\" data-e-type=\"container\" data-settings=\"{&quot;background_background&quot;:&quot;classic&quot;}\">\n\t\t\t\t\t<div class=\"e-con-inner\">\n\t\t\t\t<div class=\"elementor-element elementor-element-8e0f121 elementor-widget elementor-widget-text-editor\" data-id=\"8e0f121\" data-element_type=\"widget\" data-e-type=\"widget\" data-widget_type=\"text-editor.default\">\n\t\t\t\t<div class=\"elementor-widget-container\">\n\t\t\t\t\t\t\t\t\t<p>El conocimiento no solo es clave para la humanidad, el universo y la existencia misma, sino tambi\u00e9n para hacer conscientes las profundas interconexiones que nos unen a todo lo que nos rodea. Creo firmemente que todas las preguntas pueden ser respondidas y que, al comprender estas conexiones, descifraremos el sentido de la existencia.<\/p>\t\t\t\t\t\t\t\t<\/div>\n\t\t\t\t<\/div>\n\t\t\t\t\t<\/div>\n\t\t\t\t<\/div>\n\t\t<div class=\"elementor-element elementor-element-66e3f1b e-flex e-con-boxed e-con e-parent\" data-id=\"66e3f1b\" data-element_type=\"container\" data-e-type=\"container\">\n\t\t\t\t\t<div class=\"e-con-inner\">\n\t\t\t\t<div class=\"elementor-element elementor-element-424524f elementor-widget elementor-widget-text-editor\" data-id=\"424524f\" data-element_type=\"widget\" data-e-type=\"widget\" data-widget_type=\"text-editor.default\">\n\t\t\t\t<div class=\"elementor-widget-container\">\n\t\t\t\t\t\t\t\t\t<p>En este blog compartir\u00e9 y desarrollar\u00e9 la Teor\u00eda de Nodos, explicando a fondo esta idea y su potencial. Al mismo tiempo, es una invitaci\u00f3n abierta a todas las comunidades, sin importar su enfoque, a contribuir desde sus perspectivas para enriquecer esta visi\u00f3n de la realidad.<\/p>\t\t\t\t\t\t\t\t<\/div>\n\t\t\t\t<\/div>\n\t\t\t\t\t<\/div>\n\t\t\t\t<\/div>\n\t\t<div class=\"elementor-element elementor-element-a4d6c9d e-flex e-con-boxed e-con e-parent\" data-id=\"a4d6c9d\" data-element_type=\"container\" data-e-type=\"container\">\n\t\t\t\t\t<div class=\"e-con-inner\">\n\t\t<div class=\"elementor-element elementor-element-12e30b0 e-con-full e-flex e-con e-child\" data-id=\"12e30b0\" data-element_type=\"container\" data-e-type=\"container\">\n\t\t\t\t<div class=\"elementor-element elementor-element-93af594 elementor-widget elementor-widget-posts\" data-id=\"93af594\" data-element_type=\"widget\" data-e-type=\"widget\" data-widget_type=\"posts.default\">\n\t\t\t\t<div class=\"elementor-widget-container\">\n\t\t\t\t\t \t\t\t\t<\/div>\n\t\t\t\t<\/div>\n\t\t\t\t<\/div>\n\t\t<div class=\"elementor-element elementor-element-f1d07c2 e-con-full e-flex e-con e-child\" data-id=\"f1d07c2\" data-element_type=\"container\" data-e-type=\"container\">\n\t\t\t\t<\/div>\n\t\t\t\t\t<\/div>\n\t\t\t\t<\/div>\n\t\t\t\t<\/div>\n\t\t","protected":false},"excerpt":{"rendered":"<p>El conocimiento no solo es clave para la humanidad, el universo y la existencia misma, sino tambi\u00e9n para hacer conscientes las profundas interconexiones que nos unen a todo lo que nos rodea. Creo firmemente que todas las preguntas pueden ser respondidas y que, al comprender estas conexiones, descifraremos el sentido de la existencia. En este [&hellip;]<\/p>\n","protected":false},"author":1,"featured_media":0,"parent":0,"menu_order":0,"comment_status":"closed","ping_status":"closed","template":"page-templates\/template-pagebuilder-full-width.php","meta":{"footnotes":""},"class_list":["post-23","page","type-page","status-publish","hentry"],"_links":{"self":[{"href":"https:\/\/theoryofnodes.org\/index.php\/wp-json\/wp\/v2\/pages\/23","targetHints":{"allow":["GET"]}}],"collection":[{"href":"https:\/\/theoryofnodes.org\/index.php\/wp-json\/wp\/v2\/pages"}],"about":[{"href":"https:\/\/theoryofnodes.org\/index.php\/wp-json\/wp\/v2\/types\/page"}],"author":[{"embeddable":true,"href":"https:\/\/theoryofnodes.org\/index.php\/wp-json\/wp\/v2\/users\/1"}],"replies":[{"embeddable":true,"href":"https:\/\/theoryofnodes.org\/index.php\/wp-json\/wp\/v2\/comments?post=23"}],"version-history":[{"count":10,"href":"https:\/\/theoryofnodes.org\/index.php\/wp-json\/wp\/v2\/pages\/23\/revisions"}],"predecessor-version":[{"id":44,"href":"https:\/\/theoryofnodes.org\/index.php\/wp-json\/wp\/v2\/pages\/23\/revisions\/44"}],"wp:attachment":[{"href":"https:\/\/theoryofnodes.org\/index.php\/wp-json\/wp\/v2\/media?parent=23"}],"curies":[{"name":"wp","href":"https:\/\/api.w.org\/{rel}","templated":true}]}}